{"id":680,"date":"2017-02-28T10:51:40","date_gmt":"2017-02-28T10:51:40","guid":{"rendered":"http:\/\/www.cucinagiuseppina.com\/cooking-with-giuseppina.html"},"modified":"2024-12-18T15:51:23","modified_gmt":"2024-12-18T15:51:23","slug":"quem-somos","status":"publish","type":"page","link":"https:\/\/www.cucinagiuseppina.com\/pt-pt\/quem-somos.html","title":{"rendered":"Quem somos"},"content":{"rendered":"<p>[vc_row][vc_column width=&#8221;1\/4&#8243;][vc_single_image image=&#8221;1127&#8243; img_size=&#8221;300&#215;300&#8243; alignment=&#8221;center&#8221; style=&#8221;vc_box_shadow_3d&#8221;][\/vc_column][vc_column width=&#8221;3\/4&#8243;][vc_column_text]<strong>Giuseppina<\/strong> nunca frequentou escolas de cozinha na Toscana &#8211; mas abriu uma! Aprendeu a cozinhar com a m\u00e3e e a tia sicilianas e apurou suas capacidades culin\u00e1rias nos restaurantes de toda a Toscana, alargando seu repert\u00f3rio at\u00e9 incluir uma ampla variedade de cozinhas regionais.<\/p>\n<p>Atualmente dirige uma escola de cozinha de grande sucesso em Certaldo, a sudeste de Floren\u00e7a, e oferece aulas de cozinha para grupos grandes e pequenos.<\/p>\n<p>Cozinhou para o conjunto brit\u00e2nico &#8220;The Stereophonics&#8221; e para o artista rock Beck durante sua turn\u00ea na It\u00e1lia.<br \/>\nEm junho preparou o jantar medieval da cidade para 500 pessoas.[\/vc_column_text][\/vc_column][\/vc_row][vc_row][vc_column][vc_separator color=&#8221;orange&#8221; border_width=&#8221;2&#8243;][\/vc_column][\/vc_row][vc_row][vc_column width=&#8221;1\/4&#8243;][vc_single_image image=&#8221;1128&#8243; img_size=&#8221;300&#215;300&#8243; alignment=&#8221;center&#8221; style=&#8221;vc_box_shadow_3d&#8221;][\/vc_column][vc_column width=&#8221;3\/4&#8243;][vc_column_text]O filho de Giuseppina, <strong>Simone<\/strong>, tem uma verdadeira paix\u00e3o pela tradi\u00e7\u00e3o e o folclore italianos. Licenciado em filosofia na Universidade de Siena, aprendeu que a comida sempre foi parte integrante da cultura italiana. Sonha tornar-se agricultor um dia, para cultivar seus pr\u00f3prios ingredientes. Gosta muito de cozinhar. Ajuda Giuseppina na cozinha desde pequeno e viajou at\u00e9 os Estados Unidos para ajud\u00e1-la a preparar alguns pratos. Simone ser\u00e1 seu cozinheiro, mas tamb\u00e9m seu cicerone de vida toscana.[\/vc_column_text][\/vc_column][\/vc_row][vc_row][vc_column][vc_separator color=&#8221;orange&#8221; border_width=&#8221;2&#8243;][\/vc_column][\/vc_row][vc_row][vc_column width=&#8221;1\/4&#8243;][vc_single_image image=&#8221;1129&#8243; img_size=&#8221;300&#215;300&#8243; alignment=&#8221;center&#8221; style=&#8221;vc_box_shadow_3d&#8221;][\/vc_column][vc_column width=&#8221;3\/4&#8243;][vc_column_text]<strong>Luca<\/strong>, o filho ca\u00e7ula de Giuseppina, estudou em Siena e Floren\u00e7a por mais de dez anos, licenciando-se na Universidade de Floren\u00e7a em enologia e viticultura. Atrav\u00e9s de suas experi\u00eancias desenvolveu uma profunda aprecia\u00e7\u00e3o e conhecimento dos vinhos toscanos. Participou em todas as fases de produ\u00e7\u00e3o do vinho junto a muitas prestigiosas vin\u00edcolas toscanas e do nordeste; presta sua ajuda tamb\u00e9m na pequena vin\u00edcola do irm\u00e3o de Giuseppina, Stefano, durante a colheita.[\/vc_column_text][\/vc_column][\/vc_row][vc_row][vc_column][vc_separator color=&#8221;orange&#8221; border_width=&#8221;2&#8243;][\/vc_column][\/vc_row][vc_row][vc_column width=&#8221;1\/4&#8243;][vc_single_image image=&#8221;1511&#8243; img_size=&#8221;300&#215;300&#8243; alignment=&#8221;center&#8221; style=&#8221;vc_box_shadow_3d&#8221; label=&#8221;&#8221;][\/vc_column][vc_column width=&#8221;3\/4&#8243;][vc_column_text]O marido de Giuseppina, <strong>Luigi<\/strong>, \u00e9 um construtor de villas toscanas, ama os cachorros e os grandes espa\u00e7os abertos; percebe-se logo que \u00e9 buscador de trufas e ca\u00e7ador de todo o tipo de ca\u00e7a toscana.[\/vc_column_text][\/vc_column][\/vc_row][vc_row][vc_column][vc_separator color=&#8221;orange&#8221; border_width=&#8221;2&#8243;][\/vc_column][\/vc_row][vc_row][vc_column width=&#8221;1\/4&#8243;][vc_single_image image=&#8221;1131&#8243; img_size=&#8221;300&#215;300&#8243; alignment=&#8221;center&#8221; style=&#8221;vc_box_shadow_3d&#8221;][\/vc_column][vc_column width=&#8221;3\/4&#8243;][vc_column_text]<strong>Antonella<\/strong>, Simone\u2019s wife, was born and grew up in the hot and welcoming south of Italy, until she left to study in the University of Siena. She is in love with Simone, Tuscany and the beuties and tradiction of this region. Thanks to her passion for good food and her warm sociability, when she graduate decide to become part of the family-team.[\/vc_column_text][\/vc_column][\/vc_row]<\/p>\n","protected":false},"excerpt":{"rendered":"<p>[vc_row][vc_column width=&#8221;1\/4&#8243;][vc_single_image image=&#8221;1127&#8243; img_size=&#8221;300&#215;300&#8243; alignment=&#8221;center&#8221; style=&#8221;vc_box_shadow_3d&#8221;][\/vc_column][vc_column width=&#8221;3\/4&#8243;][vc_column_text]Giuseppina nunca frequentou escolas de cozinha na Toscana &#8211; mas abriu uma! Aprendeu a cozinhar com a m\u00e3e e a tia sicilianas e apurou suas capacidades culin\u00e1rias nos restaurantes de toda a Toscana, alargando seu repert\u00f3rio at\u00e9 incluir uma ampla variedade de cozinhas regionais. Atualmente dirige uma escola de [&hellip;]<\/p>\n","protected":false},"author":1,"featured_media":0,"parent":0,"menu_order":0,"comment_status":"closed","ping_status":"closed","template":"","meta":[],"_links":{"self":[{"href":"https:\/\/www.cucinagiuseppina.com\/pt-pt\/wp-json\/wp\/v2\/pages\/680"}],"collection":[{"href":"https:\/\/www.cucinagiuseppina.com\/pt-pt\/wp-json\/wp\/v2\/pages"}],"about":[{"href":"https:\/\/www.cucinagiuseppina.com\/pt-pt\/wp-json\/wp\/v2\/types\/page"}],"author":[{"embeddable":true,"href":"https:\/\/www.cucinagiuseppina.com\/pt-pt\/wp-json\/wp\/v2\/users\/1"}],"replies":[{"embeddable":true,"href":"https:\/\/www.cucinagiuseppina.com\/pt-pt\/wp-json\/wp\/v2\/comments?post=680"}],"version-history":[{"count":3,"href":"https:\/\/www.cucinagiuseppina.com\/pt-pt\/wp-json\/wp\/v2\/pages\/680\/revisions"}],"predecessor-version":[{"id":1515,"href":"https:\/\/www.cucinagiuseppina.com\/pt-pt\/wp-json\/wp\/v2\/pages\/680\/revisions\/1515"}],"wp:attachment":[{"href":"https:\/\/www.cucinagiuseppina.com\/pt-pt\/wp-json\/wp\/v2\/media?parent=680"}],"curies":[{"name":"wp","href":"https:\/\/api.w.org\/{rel}","templated":true}]}}