{"id":678,"date":"2017-02-28T10:54:54","date_gmt":"2017-02-28T10:54:54","guid":{"rendered":"http:\/\/www.cucinagiuseppina.com\/wine-tasting-tuscany.html"},"modified":"2024-12-19T11:03:54","modified_gmt":"2024-12-19T11:03:54","slug":"toscana-passeios-do-vinho","status":"publish","type":"page","link":"https:\/\/www.cucinagiuseppina.com\/pt-pt\/toscana-passeios-do-vinho.html","title":{"rendered":"Os passeios do Vinho"},"content":{"rendered":"<p>[vc_row][vc_column width=&#8221;2\/3&#8243;][vc_column_text]Luca, o filho mais novo de Giuseppina, estudou enologia e viticultura em Siena e Floren\u00e7a por mais de 10 anos. Embora jovem, conhece muito bem o ambiente do vinho toscano e tomou parte na produ\u00e7\u00e3o de muitos vinhos finos Chianti.<\/p>\n<p>As nossas caves, constru\u00eddas em 1909 e restauradas recentemente, mant\u00eam o vinho nas condi\u00e7\u00f5es ideais para todo o processo de produ\u00e7\u00e3o, e tamb\u00e9m para o envelhecimento. Os nossos vinhedos s\u00e3o formados pelas mais t\u00edpicas videiras do territ\u00f3rio, como Sangiovese, Colorino, Canaiolo, Malvasia e Trebbiano.<\/p>\n<p>Nos \u00faltimos anos introduzimos tamb\u00e9m o Cabernet Sauvignon e Merlot, para expandir a nossa produ\u00e7\u00e3o.<\/p>\n<p>Acompanhados pelo propriet\u00e1rio, poder\u00e3o visitar os vinhedos onde cultivamos as nossas videiras mais t\u00edpicas e tradicionais.<\/p>\n<p>Cada passeio terminar\u00e1 com a prova de uma sele\u00e7\u00e3o de vinhos e a degusta\u00e7\u00e3o de especialidades gastron\u00f3micas e conservas em azeite virgem extra.[\/vc_column_text][\/vc_column][vc_column width=&#8221;1\/3&#8243;][vc_gallery interval=&#8221;3&#8243; images=&#8221;1183,1188,1187,1186,1185,1184&#8243; img_size=&#8221;full&#8221;][\/vc_column][\/vc_row][vc_row][vc_column][vc_cta h2=&#8221;Chianti tradition&#8221; h4=&#8221;Visita da fazenda \u2013 prova de 3 vinhos \u2013 especialidades gastron\u00f3micas \u2013 50,00 \u20ac por pessoa&#8221; shape=&#8221;square&#8221; color=&#8221;orange&#8221; add_button=&#8221;right&#8221; btn_title=&#8221;SEND A REQUEST&#8221; btn_color=&#8221;orange&#8221; btn_size=&#8221;lg&#8221; btn_align=&#8221;center&#8221; btn_i_icon_fontawesome=&#8221;fa fa-arrow-right&#8221; btn_button_block=&#8221;true&#8221; btn_add_icon=&#8221;true&#8221; btn_custom_onclick=&#8221;true&#8221; btn_link=&#8221;url:mailto%3Ainfo%40cucinagiuseppina.com|||&#8221; btn_custom_onclick_code=&#8221;ga(&#8216;send&#8217;, &#8216;event&#8217;, &#8216;Bookeo &#8211; Wine tour Chianti tradition PT&#8217;, &#8216;click&#8217;);&#8221;]<a href=\"https:\/\/www.cucinagiuseppina.com\/wp-content\/uploads\/2021\/11\/10-1.jpg\"><img loading=\"lazy\" class=\"alignnone size-full wp-image-1190\" src=\"https:\/\/www.cucinagiuseppina.com\/wp-content\/uploads\/2021\/11\/10-1.jpg\" alt=\"\" width=\"300\" height=\"200\" \/><\/a><\/p>\n<p>Durante a prova Luca dar\u00e1 uma aula ao ar livre * sobre as videiras da Toscana; Luca os guiar\u00e1 na visita aos lugares de produ\u00e7\u00e3o e depois degustar\u00e3o os nossos vinhos.<\/p>\n<p>Os vinhos ser\u00e3o acompanhados por especialidades gastron\u00f3micas da nossa zona.<\/p>\n<p>\u2013 Grande t\u00e1bua de enchidos e queijosFalisca: salames, presunto toscano, chouri\u00e7o de javali, as nossas azeitonas pretas, Bruschetta [p\u00e3o torrado com alho e azeite], canap\u00e9s, queijo Pecorino[feito com leite de ovelha]com geleias, Vinsanto[vinho doce] e biscoitos.<\/p>\n<p>\u2013 Grande t\u00e1bua vegetariana: produtos sazonais da nossa horta.<\/p>\n<p>Prova de 3 vinhos + especialidades gastron\u00f3micas &#8211;\u00a0<strong>2 horas<\/strong><\/p>\n<p>M\u00ednimo 8 pessoas \u2013 <strong>50,00 \u20ac por pessoa<\/strong><\/p>\n<p><em>* Em caso de chuva o passeio incluir\u00e1 apenas a prova no castelo<\/em>[\/vc_cta][\/vc_column][\/vc_row]<\/p>\n","protected":false},"excerpt":{"rendered":"<p>[vc_row][vc_column width=&#8221;2\/3&#8243;][vc_column_text]Luca, o filho mais novo de Giuseppina, estudou enologia e viticultura em Siena e Floren\u00e7a por mais de 10 anos. Embora jovem, conhece muito bem o ambiente do vinho toscano e tomou parte na produ\u00e7\u00e3o de muitos vinhos finos Chianti. As nossas caves, constru\u00eddas em 1909 e restauradas recentemente, mant\u00eam o vinho nas condi\u00e7\u00f5es [&hellip;]<\/p>\n","protected":false},"author":1,"featured_media":0,"parent":0,"menu_order":0,"comment_status":"closed","ping_status":"closed","template":"","meta":[],"_links":{"self":[{"href":"https:\/\/www.cucinagiuseppina.com\/pt-pt\/wp-json\/wp\/v2\/pages\/678"}],"collection":[{"href":"https:\/\/www.cucinagiuseppina.com\/pt-pt\/wp-json\/wp\/v2\/pages"}],"about":[{"href":"https:\/\/www.cucinagiuseppina.com\/pt-pt\/wp-json\/wp\/v2\/types\/page"}],"author":[{"embeddable":true,"href":"https:\/\/www.cucinagiuseppina.com\/pt-pt\/wp-json\/wp\/v2\/users\/1"}],"replies":[{"embeddable":true,"href":"https:\/\/www.cucinagiuseppina.com\/pt-pt\/wp-json\/wp\/v2\/comments?post=678"}],"version-history":[{"count":7,"href":"https:\/\/www.cucinagiuseppina.com\/pt-pt\/wp-json\/wp\/v2\/pages\/678\/revisions"}],"predecessor-version":[{"id":1537,"href":"https:\/\/www.cucinagiuseppina.com\/pt-pt\/wp-json\/wp\/v2\/pages\/678\/revisions\/1537"}],"wp:attachment":[{"href":"https:\/\/www.cucinagiuseppina.com\/pt-pt\/wp-json\/wp\/v2\/media?parent=678"}],"curies":[{"name":"wp","href":"https:\/\/api.w.org\/{rel}","templated":true}]}}