{"id":673,"date":"2017-02-28T11:06:00","date_gmt":"2017-02-28T11:06:00","guid":{"rendered":"http:\/\/www.cucinagiuseppina.com\/faqs.html"},"modified":"2022-11-10T13:37:38","modified_gmt":"2022-11-10T13:37:38","slug":"faqs","status":"publish","type":"page","link":"https:\/\/www.cucinagiuseppina.com\/pt-pt\/faqs.html","title":{"rendered":"FAQS"},"content":{"rendered":"<p>[vc_row][vc_column][vc_column_text]<strong>Onde se encontra a escola de cozinha?<\/strong><br \/>\n<a href=\"https:\/\/goo.gl\/maps\/hY4Z74oMQtz\" target=\"_blank\" rel=\"nofollow noopener\">Ver no Google mapas<\/a><\/p>\n<p><strong>Quanto duram as aulas?<\/strong><br \/>\nAs aulas padr\u00e3o duram 3 horas. Dispon\u00edveis para o almo\u00e7o das 10:30 \u00e0s 14:00 e para o jantar das 17:00 \u00e0s 20:00.<br \/>\nForam programadas algumas aulas especiais que duram mais tempo, uma aula de um dia inteiro com pequeno-almo\u00e7o e uma visita ao mercado de produtos frescos que dura cerca de 5 horas, das 9:00 \u00e0s 14:00.<\/p>\n<p><strong>Quantas pessoas presenciam uma aula?<\/strong><br \/>\nDe um m\u00ednimo de duas at\u00e9 um m\u00e1ximo de 8, mas se quiser reservar uma li\u00e7\u00e3o privada, para si ou para o seu grupo, \u00e9 poss\u00edvel com aulas privadas.<\/p>\n<p><strong>As aulas s\u00e3o pr\u00e1ticas?<\/strong><br \/>\nAs aulas s\u00e3o completamente pr\u00e1ticas: 3 horas de prepara\u00e7\u00e3o e cozimento.<\/p>\n<p><strong>Devo trazer alguma coisa?<\/strong><br \/>\nN\u00e3oprecisa trazer nada, n\u00f3s forneceremos todo o equipamento para os alimentos e o avental.<\/p>\n<p><strong>Posso trazer as crian\u00e7as para a aula?<\/strong><br \/>\nSim,as crian\u00e7as s\u00e3o as bem-vindas e se divertem muito nas nossas aulas.<br \/>\nAs crian\u00e7as menores de 5 anos participam gratuitamente.<br \/>\nDos 5 aos 10 anos pagam 50% do pre\u00e7o dos adultos.<br \/>\nAcima dos 10 anos pagam o mesmo pre\u00e7o dos adultos.<\/p>\n<p><strong>Posso trazer algu\u00e9m para ver?<\/strong><br \/>\nN\u00e3o, infelizmente n\u00e3o \u00e9 poss\u00edvel, porque temos um espa\u00e7o limitado s\u00f3 para os participantes;mas \u00e9 poss\u00edvelconsumir a refei\u00e7\u00e3o preparada pagando o nosso pre\u00e7o fixo de restaura\u00e7\u00e3o (55 Euros por pessoa).<\/p>\n<p><strong>Voc\u00eas podem lidar com exig\u00eancias alimentares especiais?<\/strong><br \/>\nSim, podemos, mas por favor avise antes de reservar, para podermos avaliar as suas necessidades, pois nem todas as classes t\u00eam a possibilidade de acolher determinadas exig\u00eancias alimentares<\/p>\n<p><strong>Qual \u00e9 a esta\u00e7\u00e3o das trufas?<\/strong><br \/>\nA ca\u00e7a \u00e0s trufas se faz desde a primeira semana de junho at\u00e9 \u00e0 primeira semana de dezembro, e de novo desde 10 de janeiro at\u00e9 30 de abril.<\/p>\n<p><strong>Voc\u00eas t\u00eam aulas para o refor\u00e7o do esp\u00edrito de grupo empresarial?<\/strong><br \/>\nSim, n\u00f3s podemos fornecer eventos empresariais 100% personalizados, para cada exig\u00eancia. Por favor contacte e Escola de Cozinha.<\/p>\n<p><strong>Pol\u00edtica de cancelamento<\/strong><br \/>\nOs \u00f3nus de cancelamento s\u00e3o assim calculados: Para qualquer Servi\u00e7o reservado atrav\u00e9s dos nossos sites web ser\u00e1 aplicada uma Taxa de Reserva de 35%. Esta taxa de reserva est\u00e1 inclu\u00edda no pre\u00e7o final, e em nenhum caso ser\u00e1 devolvida. O saldo ser\u00e1 pago no dia do servi\u00e7o.[\/vc_column_text][\/vc_column][\/vc_row]<\/p>\n","protected":false},"excerpt":{"rendered":"<p>[vc_row][vc_column][vc_column_text]Onde se encontra a escola de cozinha? Ver no Google mapas Quanto duram as aulas? As aulas padr\u00e3o duram 3 horas. Dispon\u00edveis para o almo\u00e7o das 10:30 \u00e0s 14:00 e para o jantar das 17:00 \u00e0s 20:00. Foram programadas algumas aulas especiais que duram mais tempo, uma aula de um dia inteiro com pequeno-almo\u00e7o e [&hellip;]<\/p>\n","protected":false},"author":1,"featured_media":0,"parent":0,"menu_order":0,"comment_status":"closed","ping_status":"closed","template":"","meta":[],"_links":{"self":[{"href":"https:\/\/www.cucinagiuseppina.com\/pt-pt\/wp-json\/wp\/v2\/pages\/673"}],"collection":[{"href":"https:\/\/www.cucinagiuseppina.com\/pt-pt\/wp-json\/wp\/v2\/pages"}],"about":[{"href":"https:\/\/www.cucinagiuseppina.com\/pt-pt\/wp-json\/wp\/v2\/types\/page"}],"author":[{"embeddable":true,"href":"https:\/\/www.cucinagiuseppina.com\/pt-pt\/wp-json\/wp\/v2\/users\/1"}],"replies":[{"embeddable":true,"href":"https:\/\/www.cucinagiuseppina.com\/pt-pt\/wp-json\/wp\/v2\/comments?post=673"}],"version-history":[{"count":2,"href":"https:\/\/www.cucinagiuseppina.com\/pt-pt\/wp-json\/wp\/v2\/pages\/673\/revisions"}],"predecessor-version":[{"id":1406,"href":"https:\/\/www.cucinagiuseppina.com\/pt-pt\/wp-json\/wp\/v2\/pages\/673\/revisions\/1406"}],"wp:attachment":[{"href":"https:\/\/www.cucinagiuseppina.com\/pt-pt\/wp-json\/wp\/v2\/media?parent=673"}],"curies":[{"name":"wp","href":"https:\/\/api.w.org\/{rel}","templated":true}]}}