{"id":672,"date":"2016-09-26T02:08:58","date_gmt":"2016-09-26T02:08:58","guid":{"rendered":"http:\/\/www.cucinagiuseppina.com\/tuscany-cooking-class.html"},"modified":"2021-11-29T11:02:35","modified_gmt":"2021-11-29T11:02:35","slug":"aula-de-culinaria-da-toscana","status":"publish","type":"page","link":"https:\/\/www.cucinagiuseppina.com\/pt-pt\/aula-de-culinaria-da-toscana.html","title":{"rendered":"Aulas de cozinha | old"},"content":{"rendered":"<p>[vc_row][vc_column offset=&#8221;vc_col-md-8&#8243;][vc_column_text el_class=&#8221;lead&#8221;]Imagine-se sentado num muro do d\u00e9cimo segundo s\u00e9culo, numa aldeia medieval com vista para as colinas onduladas da campanha toscana, saboreando del\u00edcias culin\u00e1rias \u00fanicas. Este incompar\u00e1vel banquete de frescas iguarias locais foi preparado por voc\u00ea com a ajuda de uma das melhores cozinheiras desta regi\u00e3o, Giuseppina, e sua fam\u00edlia. Aquela comida fresca, acompanhada pelo vinho toscano, constituir\u00e1 a experi\u00eancia culin\u00e1ria de uma vida.[\/vc_column_text][vc_custom_heading text=&#8221;Aprender deveria sempre ser divertido&#8221; font_container=&#8221;tag:h3|font_size:20|text_align:left&#8221; use_theme_fonts=&#8221;yes&#8221; el_class=&#8221;m-b-xs&#8221;][vc_column_text el_class=&#8221;bottom10&#8243;]Giuseppina, com mais de dez anos de experi\u00eancia em aulas de cozinha, \u00e9 a melhor professora. Em 2009 abriu (com seus filhos) o ateli\u00ea de cozinha dos seus sonhos, um ambiente \u00edntimo e rom\u00e2ntico na aldeia medieval de Certaldo, com vista para o vale e para San Gimignano, outra preciosidade da nossa zona.[\/vc_column_text][vc_separator color=&#8221;orange&#8221; border_width=&#8221;2&#8243;][vc_custom_heading text=&#8221;A cozinha toscana \u00e9 simples mas n\u00e3o f\u00e1cil&#8221; font_container=&#8221;tag:h3|font_size:20|text_align:left|color:%23df8a43&#8243; use_theme_fonts=&#8221;yes&#8221; el_class=&#8221;m-b-xs&#8221;][vc_column_text el_class=&#8221;bottom10&#8243;]Acreditamos que a boa comida n\u00e3o deva ser complicada. Muitas vezes, de fato, a boa comida \u00e9 a mais simples. Nossas receitas e nosso estilo de cozedura refletem exatamente isso. Os ingredientes frescos, tratados com simplicidade e respeito, s\u00e3o a base de pratos memor\u00e1veis.<\/p>\n<p>Acreditamos que a comida deva ser deliciosa, e cada prato deveria ser uma festa. Por isso ao entrar na nossa cozinha voc\u00ea n\u00e3o aprender\u00e1 s\u00f3 como realizar um card\u00e1pio, mas tamb\u00e9m o sabor que ele deve ter.<\/p>\n<p>Que voc\u00ea seja um cozinheiro espor\u00e1dico ou um aut\u00eantico apaixonado, depois de passar um tempo com a Giuseppina voc\u00ea ir\u00e1 entender que \u00e9 preciso bem mais que uma receita para preparar um verdadeiro prato italiano (e porque vale a pena).[\/vc_column_text][vc_custom_heading text=&#8221;Dedicado a ensinar habilidades para uma vida inteira&#8221; font_container=&#8221;tag:h3|font_size:20|text_align:left|color:%23df8a43&#8243; use_theme_fonts=&#8221;yes&#8221; el_class=&#8221;m-b-xs&#8221;][vc_column_text css=&#8221;.vc_custom_1572881803329&#8221;]Durante as aulas iremos preparar e comer uma refei\u00e7\u00e3o tradicional italiana de quatro pratos:<br \/>\n&#8211; Antepasto<br \/>\n&#8211; Massa fresca<br \/>\n&#8211; Segundo prato<br \/>\n&#8211; Sobremesa<br \/>\nCada prato ser\u00e1 servido no momento ideal (quente), e depois continuaremos com o pr\u00f3ximo prato.<\/p>\n<p><strong>4 pratos, Vinho e avental s\u00e3o inclu\u00eddos<\/strong><br \/>\n<strong>120 Euros por pessoa (de 2 a 10 pessoas)<\/strong>[\/vc_column_text][vc_btn title=&#8221;RESERVAS&#8221; color=&#8221;orange&#8221; size=&#8221;lg&#8221; align=&#8221;center&#8221; i_icon_fontawesome=&#8221;fa fa-arrow-right&#8221; button_block=&#8221;true&#8221; add_icon=&#8221;true&#8221; custom_onclick=&#8221;true&#8221; link=&#8221;url:http%3A%2F%2Fwww.cucinagiuseppina.com%2Fpt-pt%2Fbook%2Fhalf-day-cooking-class.html|||&#8221; custom_onclick_code=&#8221;ga(&#8216;send&#8217;, &#8216;event&#8217;, &#8216;Bookeo &#8211; Cooking Class half-day PT&#8217;, &#8216;click&#8217;);&#8221;][vc_column_text css=&#8221;.vc_custom_1572881811048&#8221;]Se metade do dia n\u00e3o \u00e9 suficiente, inicie sua Lezione di Cucina Giuseppina [Aula de Cozinha Giuseppina] de um dia inteiro com a escolha dos ingredientes num mercado local de produtos frescos. O encontro \u00e9 num caf\u00e9 de Certaldo para saborear um capuccino e um croissant e depois ent\u00e3o seguir para o mercado de produtos frescos e locais. Escolhidos os ingredientes volta-se a escola para uma refei\u00e7\u00e3o leve antes de continuar o curso na cozinha. Prepare uma refei\u00e7\u00e3o de quatro pratos, antepasto, primeiro prato, segundo prato e sobremesa antes de deter-se nos resultados do seu duro trabalho.<\/p>\n<p><strong>Visita ao mercado dos produtos frescos e degusta\u00e7\u00e3o, refei\u00e7\u00e3o de 4 pratos, Vinho e avental s\u00e3o inclu\u00eddos.<\/strong><br \/>\n<strong>170 Euros por pessoa (de 2 a 10 pessoas)<\/strong>[\/vc_column_text][vc_btn title=&#8221;RESERVAS&#8221; color=&#8221;orange&#8221; size=&#8221;lg&#8221; align=&#8221;center&#8221; i_icon_fontawesome=&#8221;fa fa-arrow-right&#8221; button_block=&#8221;true&#8221; add_icon=&#8221;true&#8221; custom_onclick=&#8221;true&#8221; link=&#8221;url:http%3A%2F%2Fwww.cucinagiuseppina.com%2Fpt-pt%2Fbook%2Ffull-day-cooking-class.html|||&#8221; custom_onclick_code=&#8221;ga(&#8216;send&#8217;, &#8216;event&#8217;, &#8216;Bookeo &#8211; Cooking Class full-day PT&#8217;, &#8216;click&#8217;);&#8221;][\/vc_column][vc_column offset=&#8221;vc_col-md-4&#8243;][vc_single_image image=&#8221;1154&#8243; img_size=&#8221;full&#8221; el_class=&#8221;bottom10&#8243; label=&#8221;&#8221;][vc_single_image image=&#8221;1155&#8243; img_size=&#8221;full&#8221; el_class=&#8221;bottom10&#8243; label=&#8221;&#8221;][vc_single_image image=&#8221;1156&#8243; img_size=&#8221;full&#8221; el_class=&#8221;bottom10&#8243; label=&#8221;&#8221;][vc_single_image image=&#8221;1157&#8243; img_size=&#8221;350&#215;233&#8243; el_class=&#8221;bottom10&#8243; label=&#8221;&#8221;][vc_single_image image=&#8221;367&#8243; img_size=&#8221;350&#215;233&#8243; el_class=&#8221;bottom10&#8243; label=&#8221;&#8221;][vc_single_image image=&#8221;1158&#8243; img_size=&#8221;350&#215;467&#8243; el_class=&#8221;bottom10&#8243; label=&#8221;&#8221;][vc_single_image image=&#8221;1159&#8243; img_size=&#8221;350&#215;467&#8243; el_class=&#8221;bottom10&#8243; label=&#8221;&#8221;][vc_single_image image=&#8221;1160&#8243; img_size=&#8221;350&#215;467&#8243; el_class=&#8221;bottom10&#8243; label=&#8221;&#8221;][vc_single_image image=&#8221;1161&#8243; img_size=&#8221;350&#215;467&#8243; el_class=&#8221;bottom10&#8243; label=&#8221;&#8221;][\/vc_column][\/vc_row][vc_row full_width=&#8221;stretch_row_content_no_spaces&#8221; disable_element=&#8221;yes&#8221; wrap_container=&#8221;yes&#8221; is_section=&#8221;yes&#8221; remove_border=&#8221;yes&#8221; el_class=&#8221;m-b-n-xl m-t-xl&#8221;][vc_column width=&#8221;2\/3&#8243;][vc_custom_heading text=&#8221;Learning should always be fun!&#8221; font_container=&#8221;tag:h3|text_align:center&#8221; use_theme_fonts=&#8221;yes&#8221; el_class=&#8221;m-b-sm&#8221;][vc_custom_heading text=&#8221;Contact us now for information.&#8221; font_container=&#8221;tag:p|font_size:17|text_align:center&#8221; use_theme_fonts=&#8221;yes&#8221;][\/vc_column][vc_column width=&#8221;1\/3&#8243;][vc_btn title=&#8221;Contact Us&#8221; style=&#8221;flat&#8221; shape=&#8221;square&#8221; size=&#8221;lg&#8221; align=&#8221;center&#8221; skin=&#8221;primary&#8221; link=&#8221;|||&#8221; el_class=&#8221;m-t-sm&#8221;][\/vc_column][\/vc_row]<\/p>\n","protected":false},"excerpt":{"rendered":"<p>[vc_row][vc_column offset=&#8221;vc_col-md-8&#8243;][vc_column_text el_class=&#8221;lead&#8221;]Imagine-se sentado num muro do d\u00e9cimo segundo s\u00e9culo, numa aldeia medieval com vista para as colinas onduladas da campanha toscana, saboreando del\u00edcias culin\u00e1rias \u00fanicas. Este incompar\u00e1vel banquete de frescas iguarias locais foi preparado por voc\u00ea com a ajuda de uma das melhores cozinheiras desta regi\u00e3o, Giuseppina, e sua fam\u00edlia. Aquela comida fresca, acompanhada [&hellip;]<\/p>\n","protected":false},"author":1,"featured_media":0,"parent":0,"menu_order":0,"comment_status":"closed","ping_status":"closed","template":"","meta":[],"_links":{"self":[{"href":"https:\/\/www.cucinagiuseppina.com\/pt-pt\/wp-json\/wp\/v2\/pages\/672"}],"collection":[{"href":"https:\/\/www.cucinagiuseppina.com\/pt-pt\/wp-json\/wp\/v2\/pages"}],"about":[{"href":"https:\/\/www.cucinagiuseppina.com\/pt-pt\/wp-json\/wp\/v2\/types\/page"}],"author":[{"embeddable":true,"href":"https:\/\/www.cucinagiuseppina.com\/pt-pt\/wp-json\/wp\/v2\/users\/1"}],"replies":[{"embeddable":true,"href":"https:\/\/www.cucinagiuseppina.com\/pt-pt\/wp-json\/wp\/v2\/comments?post=672"}],"version-history":[{"count":5,"href":"https:\/\/www.cucinagiuseppina.com\/pt-pt\/wp-json\/wp\/v2\/pages\/672\/revisions"}],"predecessor-version":[{"id":1370,"href":"https:\/\/www.cucinagiuseppina.com\/pt-pt\/wp-json\/wp\/v2\/pages\/672\/revisions\/1370"}],"wp:attachment":[{"href":"https:\/\/www.cucinagiuseppina.com\/pt-pt\/wp-json\/wp\/v2\/media?parent=672"}],"curies":[{"name":"wp","href":"https:\/\/api.w.org\/{rel}","templated":true}]}}