{"id":670,"date":"2017-02-28T10:56:12","date_gmt":"2017-02-28T10:56:12","guid":{"rendered":"http:\/\/www.cucinagiuseppina.com\/italian-cooking-school-incentive.html"},"modified":"2024-12-19T12:14:25","modified_gmt":"2024-12-19T12:14:25","slug":"negocios-empresariais","status":"publish","type":"page","link":"https:\/\/www.cucinagiuseppina.com\/pt-pt\/negocios-empresariais.html","title":{"rendered":"Neg\u00f3cios empresariais"},"content":{"rendered":"<p>[vc_row][vc_column width=&#8221;3\/4&#8243;][vc_column_text el_class=&#8221;lead&#8221;]Cada evento inclui uma sess\u00e3o pr\u00e1tica de cozinha seguida por umamaravilhosa e nutriente refei\u00e7\u00e3o no fant\u00e1stico castelo medieval de Certaldo Alto. Estamos ansiosos de trabalhar em estreita colabora\u00e7\u00e3o consigo, para lhe fornecero m\u00e1ximo servi\u00e7o profissional e os melhores produtos. Estamos focados em tornar o seu evento empresarial superior \u00e0s suas expectativas, e estaremos ao seu lado para garantir um alto n\u00edvel de satisfa\u00e7\u00e3o e conforto.[\/vc_column_text][vc_text_separator title=&#8221;EXEMPLOS DE PROGRAMAS&#8221; color=&#8221;orange&#8221; border_width=&#8221;2&#8243;][vc_custom_heading text=&#8221;Aula Pr\u00e1tica de Cozinha&#8221; font_container=&#8221;tag:h3|font_size:20px|text_align:left|color:%23df8a43&#8243; use_theme_fonts=&#8221;yes&#8221; el_class=&#8221;m-b-xs&#8221;][vc_column_text]Durante a aula iremos preparar e comer uma tradicional refei\u00e7\u00e3o italiana de quatro pratos:<\/p>\n<p><i class=\"fa fa-cutlery\"><\/i> Entrada<br \/>\n<i class=\"fa fa-cutlery\"><\/i> Massa fresca<br \/>\n<i class=\"fa fa-cutlery\"><\/i> Prato Principal<br \/>\n<i class=\"fa fa-cutlery\"><\/i> Sobremesa<\/p>\n<p>Cada prato ser\u00e1 servido no momento melhor (quente), e depois continuaremos com o prato sucessivo.[\/vc_column_text][vc_custom_heading text=&#8221;Jantar medieval&#8221; font_container=&#8221;tag:h3|font_size:20px|text_align:left|color:%23df8a43&#8243; use_theme_fonts=&#8221;yes&#8221; el_class=&#8221;m-b-xs&#8221;][vc_column_text]Para si e o seu grupo o prazer de um aut\u00eantico jantar hist\u00f3rico. No cen\u00e1rio de um claustro medieval, ou outro lugar do castelo, o nosso pessoal da restaura\u00e7\u00e3o, com trajes da \u00e9poca, ir\u00e1 servi-los e entret\u00ea-los durante um original jantar medieval.<\/p>\n<p>Estes eventos duram normalmente tr\u00eas horas, mas podem ser personalizados segundo \u00e0s suas exig\u00eancias<br \/>\nPodemos organizar programas de um dia inteiro ou parte dele e programas para a noite.[\/vc_column_text][vc_custom_heading text=&#8221;Outras op\u00e7\u00f5es dispon\u00edveis&#8221; font_container=&#8221;tag:h3|font_size:20px|text_align:left|color:%23df8a43&#8243; use_theme_fonts=&#8221;yes&#8221; el_class=&#8221;m-b-xs&#8221;][vc_column_text]<i class=\"fa fa-hand-o-right\"><\/i> Diversos lugares na zona.<br \/>\n<i class=\"fa fa-hand-o-right\"><\/i> Atores com trajes da \u00e9poca e fogos-de-artif\u00edcio durante o jantar.<br \/>\n<i class=\"fa fa-hand-o-right\"><\/i> Desafio de prova de vinhos.[\/vc_column_text][\/vc_column][vc_column width=&#8221;1\/4&#8243;][vc_single_image image=&#8221;1564&#8243; img_size=&#8221;300&#215;200&#8243; label=&#8221;&#8221;][vc_single_image image=&#8221;1565&#8243; img_size=&#8221;300&#215;200&#8243; label=&#8221;&#8221;][vc_single_image image=&#8221;1566&#8243; img_size=&#8221;300&#215;225&#8243; label=&#8221;&#8221;][vc_single_image image=&#8221;1567&#8243; img_size=&#8221;300&#215;225&#8243; label=&#8221;&#8221;][\/vc_column][\/vc_row]<\/p>\n","protected":false},"excerpt":{"rendered":"<p>[vc_row][vc_column width=&#8221;3\/4&#8243;][vc_column_text el_class=&#8221;lead&#8221;]Cada evento inclui uma sess\u00e3o pr\u00e1tica de cozinha seguida por umamaravilhosa e nutriente refei\u00e7\u00e3o no fant\u00e1stico castelo medieval de Certaldo Alto. Estamos ansiosos de trabalhar em estreita colabora\u00e7\u00e3o consigo, para lhe fornecero m\u00e1ximo servi\u00e7o profissional e os melhores produtos. Estamos focados em tornar o seu evento empresarial superior \u00e0s suas expectativas, e estaremos [&hellip;]<\/p>\n","protected":false},"author":1,"featured_media":0,"parent":0,"menu_order":0,"comment_status":"closed","ping_status":"closed","template":"","meta":[],"_links":{"self":[{"href":"https:\/\/www.cucinagiuseppina.com\/pt-pt\/wp-json\/wp\/v2\/pages\/670"}],"collection":[{"href":"https:\/\/www.cucinagiuseppina.com\/pt-pt\/wp-json\/wp\/v2\/pages"}],"about":[{"href":"https:\/\/www.cucinagiuseppina.com\/pt-pt\/wp-json\/wp\/v2\/types\/page"}],"author":[{"embeddable":true,"href":"https:\/\/www.cucinagiuseppina.com\/pt-pt\/wp-json\/wp\/v2\/users\/1"}],"replies":[{"embeddable":true,"href":"https:\/\/www.cucinagiuseppina.com\/pt-pt\/wp-json\/wp\/v2\/comments?post=670"}],"version-history":[{"count":2,"href":"https:\/\/www.cucinagiuseppina.com\/pt-pt\/wp-json\/wp\/v2\/pages\/670\/revisions"}],"predecessor-version":[{"id":1571,"href":"https:\/\/www.cucinagiuseppina.com\/pt-pt\/wp-json\/wp\/v2\/pages\/670\/revisions\/1571"}],"wp:attachment":[{"href":"https:\/\/www.cucinagiuseppina.com\/pt-pt\/wp-json\/wp\/v2\/media?parent=670"}],"curies":[{"name":"wp","href":"https:\/\/api.w.org\/{rel}","templated":true}]}}