{"id":668,"date":"2017-02-28T11:07:42","date_gmt":"2017-02-28T11:07:42","guid":{"rendered":"http:\/\/www.cucinagiuseppina.com\/book-order-form.html"},"modified":"2017-06-06T15:18:34","modified_gmt":"2017-06-06T15:18:34","slug":"book-order-form","status":"publish","type":"page","link":"https:\/\/www.cucinagiuseppina.com\/pt-pt\/book-order-form.html","title":{"rendered":"Brus-ketta"},"content":{"rendered":"<p>[vc_row][vc_column][vc_column_text el_class=&#8221;lead&#8221;]<img loading=\"lazy\" class=\"alignleft wp-image-492\" src=\"http:\/\/www.cucinagiuseppina.com\/wp-content\/uploads\/2017\/02\/brus-ketta-cookbook.jpg\" width=\"350\" height=\"442\" srcset=\"https:\/\/www.cucinagiuseppina.com\/wp-content\/uploads\/2017\/02\/brus-ketta-cookbook.jpg 480w, https:\/\/www.cucinagiuseppina.com\/wp-content\/uploads\/2017\/02\/brus-ketta-cookbook-238x300.jpg 238w\" sizes=\"(max-width: 350px) 100vw, 350px\" \/>After a long wait, she has been very busy with the kitchen&#8217;s stoves, We are happy to announce the first cookbook of Giuseppina !!!<\/p>\n<p><strong>BRUS-KETTA AND OTHER TRUTHS ABOUT TUSCAN COOKING<\/strong><\/p>\n<p>Every copy is in Italian and English language, contains 40 recipes from our family tradition, specialties of every season, and no sectrets but true Tuscan cooking.<\/p>\n<p>19EU\/24USD + shipment (14EU outside of Europe, 8EU in EU, 3EU in Italy)<\/p>\n<p>Order directly your signed copy and save on multiple shipping.<\/p>\n<p><strong><em>O livro \u00e9 dispon\u00edvel apenas em duas l\u00ednguas: italiano ou ingl\u00eas.<\/em><\/strong>[\/vc_column_text][\/vc_column][\/vc_row]<\/p>\n","protected":false},"excerpt":{"rendered":"<p>[vc_row][vc_column][vc_column_text el_class=&#8221;lead&#8221;]After a long wait, she has been very busy with the kitchen&#8217;s stoves, We are happy to announce the first cookbook of Giuseppina !!! BRUS-KETTA AND OTHER TRUTHS ABOUT TUSCAN COOKING Every copy is in Italian and English language, contains 40 recipes from our family tradition, specialties of every season, and no sectrets but [&hellip;]<\/p>\n","protected":false},"author":1,"featured_media":0,"parent":0,"menu_order":0,"comment_status":"closed","ping_status":"closed","template":"","meta":[],"_links":{"self":[{"href":"https:\/\/www.cucinagiuseppina.com\/pt-pt\/wp-json\/wp\/v2\/pages\/668"}],"collection":[{"href":"https:\/\/www.cucinagiuseppina.com\/pt-pt\/wp-json\/wp\/v2\/pages"}],"about":[{"href":"https:\/\/www.cucinagiuseppina.com\/pt-pt\/wp-json\/wp\/v2\/types\/page"}],"author":[{"embeddable":true,"href":"https:\/\/www.cucinagiuseppina.com\/pt-pt\/wp-json\/wp\/v2\/users\/1"}],"replies":[{"embeddable":true,"href":"https:\/\/www.cucinagiuseppina.com\/pt-pt\/wp-json\/wp\/v2\/comments?post=668"}],"version-history":[{"count":1,"href":"https:\/\/www.cucinagiuseppina.com\/pt-pt\/wp-json\/wp\/v2\/pages\/668\/revisions"}],"predecessor-version":[{"id":717,"href":"https:\/\/www.cucinagiuseppina.com\/pt-pt\/wp-json\/wp\/v2\/pages\/668\/revisions\/717"}],"wp:attachment":[{"href":"https:\/\/www.cucinagiuseppina.com\/pt-pt\/wp-json\/wp\/v2\/media?parent=668"}],"curies":[{"name":"wp","href":"https:\/\/api.w.org\/{rel}","templated":true}]}}