{"id":1497,"date":"2025-01-10T11:21:25","date_gmt":"2025-01-10T11:21:25","guid":{"rendered":"https:\/\/www.cucinagiuseppina.com\/?page_id=1497"},"modified":"2025-02-13T07:53:13","modified_gmt":"2025-02-13T07:53:13","slug":"onde-estamos-2","status":"publish","type":"page","link":"https:\/\/www.cucinagiuseppina.com\/pt-pt\/onde-estamos-2.html","title":{"rendered":"Casa de ca\u00e7a"},"content":{"rendered":"<p>[vc_row][vc_column width=&#8221;3\/4&#8243;][vc_column_text]Desde 2018 a \u201cCasa di caccia\u201d [Casa de ca\u00e7a] surge no cora\u00e7\u00e3o do nosso olival. Aqui celebramos importantes reuni\u00f5es de fam\u00edlia e a nossa experi\u00eancia de ca\u00e7ar trufas.<\/p>\n<p>N\u00f3s projetamos este lugar para acolher todos num ambiente tranquilo. Do topo da colina gozamos de uma brisa agrad\u00e1vel em qualquer esta\u00e7\u00e3o e podemos admirar as vinhas de fam\u00edlia, enquanto degustamos nossos vinhos.<\/p>\n<p>Aqui cultivamos tamb\u00e9m verduras e todos os cheiros-verdes que utilizamos para cozinhar, uma men\u00e7\u00e3o especial cabe \u00e0 alameda das rosas, que \u00e9 motivo de grande orgulho para o Luigi.<\/p>\n<p>A \u201cCasa di caccia\u201d fica a apenas 5 km de dist\u00e2ncia do centro de Certaldo. Diferentemente da nossa escola de culin\u00e1ria, situada no burgo medieval, aqui n\u00e3o temos muros antigos, mas sim um local que fala da hist\u00f3ria da nossa fam\u00edlia.[\/vc_column_text][\/vc_column][vc_column width=&#8221;1\/4&#8243;][vc_single_image image=&#8221;1502&#8243; img_size=&#8221;300&#215;225&#8243; alignment=&#8221;center&#8221; onclick=&#8221;img_link_large&#8221; lightbox=&#8221;yes&#8221; zoom_icon=&#8221;yes&#8221; hover_effect=&#8221;yes&#8221;][vc_single_image image=&#8221;1503&#8243; img_size=&#8221;300&#215;225&#8243; alignment=&#8221;center&#8221; onclick=&#8221;img_link_large&#8221; lightbox=&#8221;yes&#8221; zoom_icon=&#8221;yes&#8221; hover_effect=&#8221;yes&#8221;][vc_single_image image=&#8221;1504&#8243; img_size=&#8221;300&#215;225&#8243; alignment=&#8221;center&#8221; onclick=&#8221;img_link_large&#8221; lightbox=&#8221;yes&#8221; zoom_icon=&#8221;yes&#8221; hover_effect=&#8221;yes&#8221;][\/vc_column][\/vc_row][vc_row][vc_column][vc_gmaps link=&#8221;#E-8_JTNDaWZyYW1lJTIwc3JjJTNEJTIyaHR0cHMlM0ElMkYlMkZ3d3cuZ29vZ2xlLmNvbSUyRm1hcHMlMkZlbWJlZCUzRnBiJTNEJTIxMW0xNCUyMTFtOCUyMTFtMyUyMTFkNjc0Ny4zMTY0ODY4NDI0NDUlMjEyZDExLjA4ODU2MDY2NTgyMTY4JTIxM2Q0My41NTEzNjk5ODQ5MDEzMSUyMTNtMiUyMTFpMTAyNCUyMTJpNzY4JTIxNGYxMy4xJTIxM20zJTIxMW0yJTIxMXMweDEzMmEzOTlmNDRkZjMxMzUlMjUzQTB4ZTU3M2YyMDVlNzc2N2U0NyUyMTJzQ1VDSU5BR0lVU0VQUE5BJTI1MjBIdW50aW5nJTI1MjBDb3R0YWdlJTIxNWUxJTIxM20yJTIxMXNpdCUyMTJzaXQlMjE0djE3Mzk0MzMwMDIwOTIlMjE1bTIlMjExc2l0JTIxMnNpdCUyMiUyMHdpZHRoJTNEJTIyNjAwJTIyJTIwaGVpZ2h0JTNEJTIyNDUwJTIyJTIwc3R5bGUlM0QlMjJib3JkZXIlM0EwJTNCJTIyJTIwYWxsb3dmdWxsc2NyZWVuJTNEJTIyJTIyJTIwbG9hZGluZyUzRCUyMmxhenklMjIlMjByZWZlcnJlcnBvbGljeSUzRCUyMm5vLXJlZmVycmVyLXdoZW4tZG93bmdyYWRlJTIyJTNFJTNDJTJGaWZyYW1lJTNF&#8221;][\/vc_column][\/vc_row]<\/p>\n","protected":false},"excerpt":{"rendered":"<p>[vc_row][vc_column width=&#8221;3\/4&#8243;][vc_column_text]Desde 2018 a \u201cCasa di caccia\u201d [Casa de ca\u00e7a] surge no cora\u00e7\u00e3o do nosso olival. Aqui celebramos importantes reuni\u00f5es de fam\u00edlia e a nossa experi\u00eancia de ca\u00e7ar trufas. N\u00f3s projetamos este lugar para acolher todos num ambiente tranquilo. Do topo da colina gozamos de uma brisa agrad\u00e1vel em qualquer esta\u00e7\u00e3o e podemos admirar as [&hellip;]<\/p>\n","protected":false},"author":1,"featured_media":0,"parent":0,"menu_order":0,"comment_status":"closed","ping_status":"closed","template":"","meta":[],"_links":{"self":[{"href":"https:\/\/www.cucinagiuseppina.com\/pt-pt\/wp-json\/wp\/v2\/pages\/1497"}],"collection":[{"href":"https:\/\/www.cucinagiuseppina.com\/pt-pt\/wp-json\/wp\/v2\/pages"}],"about":[{"href":"https:\/\/www.cucinagiuseppina.com\/pt-pt\/wp-json\/wp\/v2\/types\/page"}],"author":[{"embeddable":true,"href":"https:\/\/www.cucinagiuseppina.com\/pt-pt\/wp-json\/wp\/v2\/users\/1"}],"replies":[{"embeddable":true,"href":"https:\/\/www.cucinagiuseppina.com\/pt-pt\/wp-json\/wp\/v2\/comments?post=1497"}],"version-history":[{"count":5,"href":"https:\/\/www.cucinagiuseppina.com\/pt-pt\/wp-json\/wp\/v2\/pages\/1497\/revisions"}],"predecessor-version":[{"id":1638,"href":"https:\/\/www.cucinagiuseppina.com\/pt-pt\/wp-json\/wp\/v2\/pages\/1497\/revisions\/1638"}],"wp:attachment":[{"href":"https:\/\/www.cucinagiuseppina.com\/pt-pt\/wp-json\/wp\/v2\/media?parent=1497"}],"curies":[{"name":"wp","href":"https:\/\/api.w.org\/{rel}","templated":true}]}}