{"id":582,"date":"2017-02-28T11:06:00","date_gmt":"2017-02-28T11:06:00","guid":{"rendered":"http:\/\/www.cucinagiuseppina.com\/faqs.html"},"modified":"2022-11-10T13:35:18","modified_gmt":"2022-11-10T13:35:18","slug":"faqs","status":"publish","type":"page","link":"https:\/\/www.cucinagiuseppina.com\/it\/faqs.html","title":{"rendered":"FAQS"},"content":{"rendered":"<p>[vc_row][vc_column][vc_column_text]<strong>Dov&#8217;\u00e8 la scuola di cucina?<\/strong><br \/>\n<a href=\"https:\/\/goo.gl\/maps\/hY4Z74oMQtz\" target=\"_blank\" rel=\"nofollow noopener\">Visita su Google maps<\/a><\/p>\n<p><strong>Quanto tempo durano i corsi?<\/strong><br \/>\nI corsi standard si svolgono per 3 ore. Disponibile per il pranzo dalle 10.30 alle 14.00, cena dalle 17.00 alle 20.00.<br \/>\nCi sono alcuni corsi speciali programmati per durare una giornata intera con colazione e visita al mercato del fresco, durata circa 5 ore dalle 9.00 alle 14.00.<\/p>\n<p><strong>Quante persone in un corso?<\/strong><br \/>\nDa un minimo di 2 fino a 8 persone, se desiderate prenotare un corso privata per te o per il tuo gruppo \u00e8 possibile.<\/p>\n<p><strong>I corsi come sono?<\/strong><br \/>\nLe lezioni sono completamente pratiche: preparazione e cottura di 3 ore.<\/p>\n<p><strong>Dobbiamo portare qualcosa?<\/strong><br \/>\nNo, non c&#8217;\u00e8 bisogno di portare nulla, forniremo tutte le attrezzature e il grembiule.<\/p>\n<p><strong>Posso portare i bambini al corso?<\/strong><br \/>\nS\u00ec. I bambini sono i benvenuti e si divertono sempre molto durante le nostre lezioni<br \/>\nI bambini sotto i 5 anni di et\u00e0 sono gratuiti<br \/>\n5-10 pagano in importo ridotto<br \/>\nOltre 10 anni il costo \u00e8 lo stesso degli adulti<\/p>\n<p><strong>Posso portare qualcuno a guardare?<\/strong><br \/>\nNo, purtroppo questo non \u00e8 possibile perch\u00e9 abbiamo spazio limitato solo per i partecipanti, \u00e8 possibile solo mangiare il pasto preparato al costo della nostra cena (55 Euro a persona)<\/p>\n<p><strong>Puoi preparare con esigenze specifiche dietetiche??<\/strong><br \/>\nS\u00ec possiamo, ma prego specificarlo prima della prenotazione per discutere le vostre esigenze in quanto non tutte i corsi possono soddisfare determinati requisiti dietetici<\/p>\n<p><strong>Quando \u00e8 la stagione del tartufo?<\/strong><br \/>\nI tartufi si trovano durante tutto l&#8217;anno. Applichiamo un importo extra durante la stagione del tartufo bianco, da Settembre a Gennaio<\/p>\n<p><strong>Avete lezioni per team aziendali?<\/strong><br \/>\nS\u00ec. Possiamo fornire eventi aziendali al 100% su misura per ogni esigenza. Si prega di contattare la scuola di cucina.<\/p>\n<p><strong>Politica di cancellazione<\/strong><br \/>\nLe spese di cancellazione saranno calcolate come segue: per qualsiasi servizio prenotato tramite i nostri siti web verr\u00e0 applicata un&#8217;acconto del 35%, questo anticipo \u00e8 incluso nel prezzo finale e non \u00e8 mai, in qualsiasi condizione, rimborsabile. Il saldo sar\u00e0 pagato il giorno del servizio.[\/vc_column_text][\/vc_column][\/vc_row]<\/p>\n","protected":false},"excerpt":{"rendered":"<p>[vc_row][vc_column][vc_column_text]Dov&#8217;\u00e8 la scuola di cucina? Visita su Google maps Quanto tempo durano i corsi? I corsi standard si svolgono per 3 ore. Disponibile per il pranzo dalle 10.30 alle 14.00, cena dalle 17.00 alle 20.00. Ci sono alcuni corsi speciali programmati per durare una giornata intera con colazione e visita al mercato del fresco, durata [&hellip;]<\/p>\n","protected":false},"author":1,"featured_media":0,"parent":0,"menu_order":0,"comment_status":"closed","ping_status":"closed","template":"","meta":[],"_links":{"self":[{"href":"https:\/\/www.cucinagiuseppina.com\/it\/wp-json\/wp\/v2\/pages\/582"}],"collection":[{"href":"https:\/\/www.cucinagiuseppina.com\/it\/wp-json\/wp\/v2\/pages"}],"about":[{"href":"https:\/\/www.cucinagiuseppina.com\/it\/wp-json\/wp\/v2\/types\/page"}],"author":[{"embeddable":true,"href":"https:\/\/www.cucinagiuseppina.com\/it\/wp-json\/wp\/v2\/users\/1"}],"replies":[{"embeddable":true,"href":"https:\/\/www.cucinagiuseppina.com\/it\/wp-json\/wp\/v2\/comments?post=582"}],"version-history":[{"count":2,"href":"https:\/\/www.cucinagiuseppina.com\/it\/wp-json\/wp\/v2\/pages\/582\/revisions"}],"predecessor-version":[{"id":1405,"href":"https:\/\/www.cucinagiuseppina.com\/it\/wp-json\/wp\/v2\/pages\/582\/revisions\/1405"}],"wp:attachment":[{"href":"https:\/\/www.cucinagiuseppina.com\/it\/wp-json\/wp\/v2\/media?parent=582"}],"curies":[{"name":"wp","href":"https:\/\/api.w.org\/{rel}","templated":true}]}}