{"id":581,"date":"2016-09-26T02:08:58","date_gmt":"2016-09-26T02:08:58","guid":{"rendered":"http:\/\/www.cucinagiuseppina.com\/tuscany-cooking-class.html"},"modified":"2021-11-29T10:06:56","modified_gmt":"2021-11-29T10:06:56","slug":"corsi-di-cucina-toscana","status":"publish","type":"page","link":"https:\/\/www.cucinagiuseppina.com\/it\/corsi-di-cucina-toscana.html","title":{"rendered":"Corsi di cucina | old"},"content":{"rendered":"<p>[vc_row][vc_column offset=&#8221;vc_col-md-8&#8243;][vc_column_text]Immagina di sedere sulle mura di una fortezza medievale del XIII\u00b0 secolo guardando le tondeggianti colline toscane e la campagna, gustando le delizie di piatti appena preparati con i migliori ingredienti della regione.<\/p>\n<p>Con l\u2019aiuto di Giuseppina e della sua famiglia, accompagnati dai vini toscani, preparatevi ad una vera esperienza culinaria!<\/p>\n<p><strong>Imparare dovrebbe sempre essere divertente<\/strong><\/p>\n<p>Giuseppina, con oltre venti anni di esperienza nell\u2019insegnamento, vi aspetta nella scuola di cucina dei suoi sogni, aperta nel 2001\u00a0 si trova nel borgo medievale di Certaldo alto, con la splendida veduta della val d\u2019Elsa e San Gimignano.[\/vc_column_text][vc_custom_heading text=&#8221;Mezza giornata&#8221; font_container=&#8221;tag:h3|font_size:20|text_align:left|color:%23df8a43&#8243; use_theme_fonts=&#8221;yes&#8221; el_class=&#8221;m-b-xs&#8221;][vc_column_text css=&#8221;.vc_custom_1637229692528&#8221;]Scopri i segreti della cucina italiana preparata nella regione di origine. Crea deliziosi antipasti Toscani come marmellata di cipolle o vellutata di porcini, impara perch\u00e9 mai, ma proprio mai si usa il vino per il risotto; scopri il segreto del tiramis\u00f9 pi\u00f9 leggero del mondo e altri irresistibili dessert. Impara i segreti di questi piatti tradizionali e poi .. godi di tutte le delizie che hai preparato. Che tu sia un cuoco della Domenica o un appassionato una volta passato un po\u2019 di tempo con Giuseppina, capirai che ci vuole ben pi\u00f9 di una ricetta per preparare un autentico pasto italiano (e perch\u00e8 ne vale la pena).<\/p>\n<p><strong>Durante la classe prepareremo un menu completo<\/strong><\/p>\n<p>Antipasto<br \/>\nPasta fresca<br \/>\nSecondo<br \/>\nDessert<\/p>\n<p>10:30AM \u2013 1:30PM\u00a0 Disponibile Luned\u00ec \u2013 Gioved\u00ec \u2013 Venerd\u00ec &#8211; Domenica<\/p>\n<p><strong>Include pranzo di 4 portate, con i vini della nostra famiglia e grembiule.<\/strong><br \/>\n<strong>120 Euro per pax (da 2 a 8 pax)<\/strong><\/p>\n<p><em><strong>4-10 ANNI\u00a0 SCONTO 50%<\/strong><\/em><br \/>\n<em><strong>SOTTO 4 ANNI GRATIS<\/strong><\/em>[\/vc_column_text][vc_btn title=&#8221;PRENOTA ORA&#8221; color=&#8221;orange&#8221; size=&#8221;lg&#8221; align=&#8221;center&#8221; i_icon_fontawesome=&#8221;fa fa-arrow-right&#8221; button_block=&#8221;true&#8221; add_icon=&#8221;true&#8221; custom_onclick=&#8221;true&#8221; link=&#8221;url:http%3A%2F%2Fwww.cucinagiuseppina.com%2Fit%2Fprenotazione%2Flezioni-di-cucina-mezza-giornata.html|||&#8221; custom_onclick_code=&#8221;ga(&#8216;send&#8217;, &#8216;event&#8217;, &#8216;Bookeo &#8211; Cooking Class half-day IT&#8217;, &#8216;click&#8217;);&#8221;][vc_custom_heading text=&#8221;Giornata completa&#8221; font_container=&#8221;tag:h3|font_size:20|text_align:left|color:%23df8a43&#8243; use_theme_fonts=&#8221;yes&#8221; el_class=&#8221;m-b-xs&#8221;][vc_column_text css=&#8221;.vc_custom_1637229662672&#8221;]Se mezza giornata non \u00e8 abbastanza, inizia la tua giornata di cucina con Giuseppina scegliendo gli ingredienti al mercato locale. Ci incontreremo per un cappuccino e cornetto al bar di Certaldo, per poi andare al mercato a vedere cosa la stagione offre di pi\u00f9 fresco. Con tutti gli ingredienti selezionati andremo a preparare un pranzo di quattro portate, antipasti, primo, secondo e dolce prima di gustare i risultati del duro lavoro.<\/p>\n<p><strong>Include la colazione al bar, visita al mercato e degustazione, pranzo con i nostri vini e grembiule.<\/strong><br \/>\n<strong>170 Euro per pax (da 2 a 8 pax)<\/strong><br \/>\n<em><strong>4-10 ANNI\u00a0 SCONTO 50%<\/strong><\/em><br \/>\n<em><strong>SOTTO 4 ANNI GRATIS<\/strong><\/em>[\/vc_column_text][vc_btn title=&#8221;PRENOTA ORA&#8221; color=&#8221;orange&#8221; size=&#8221;lg&#8221; align=&#8221;center&#8221; i_icon_fontawesome=&#8221;fa fa-arrow-right&#8221; button_block=&#8221;true&#8221; add_icon=&#8221;true&#8221; custom_onclick=&#8221;true&#8221; link=&#8221;url:http%3A%2F%2Fwww.cucinagiuseppina.com%2Fit%2Fprenotazione%2Flezioni-di-cucina-giornata-completa.html|||&#8221; custom_onclick_code=&#8221;ga(&#8216;send&#8217;, &#8216;event&#8217;, &#8216;Bookeo &#8211; Cooking Class full-day IT&#8217;, &#8216;click&#8217;);&#8221;][\/vc_column][vc_column offset=&#8221;vc_col-md-4&#8243;][vc_single_image image=&#8221;1154&#8243; img_size=&#8221;full&#8221; el_class=&#8221;bottom10&#8243;][vc_single_image image=&#8221;1155&#8243; img_size=&#8221;full&#8221; el_class=&#8221;bottom10&#8243;][vc_single_image image=&#8221;1156&#8243; img_size=&#8221;full&#8221; el_class=&#8221;bottom10&#8243;][vc_single_image image=&#8221;1157&#8243; img_size=&#8221;350&#215;233&#8243; el_class=&#8221;bottom10&#8243;][vc_single_image image=&#8221;1158&#8243; img_size=&#8221;350&#215;467&#8243; el_class=&#8221;bottom10&#8243;][vc_single_image image=&#8221;1159&#8243; img_size=&#8221;350&#215;467&#8243; el_class=&#8221;bottom10&#8243;][vc_single_image image=&#8221;1160&#8243; img_size=&#8221;350&#215;467&#8243; el_class=&#8221;bottom10&#8243;][vc_single_image image=&#8221;1161&#8243; img_size=&#8221;350&#215;467&#8243; el_class=&#8221;bottom10&#8243;][\/vc_column][\/vc_row][vc_row full_width=&#8221;stretch_row_content_no_spaces&#8221; disable_element=&#8221;yes&#8221; wrap_container=&#8221;yes&#8221; is_section=&#8221;yes&#8221; remove_border=&#8221;yes&#8221; el_class=&#8221;m-b-n-xl m-t-xl&#8221;][vc_column width=&#8221;2\/3&#8243;][vc_custom_heading text=&#8221;Learning should always be fun!&#8221; font_container=&#8221;tag:h3|text_align:center&#8221; use_theme_fonts=&#8221;yes&#8221; el_class=&#8221;m-b-sm&#8221;][vc_custom_heading text=&#8221;Contact us now for information.&#8221; font_container=&#8221;tag:p|font_size:17|text_align:center&#8221; use_theme_fonts=&#8221;yes&#8221;][\/vc_column][vc_column width=&#8221;1\/3&#8243;][vc_btn title=&#8221;Contact Us&#8221; style=&#8221;flat&#8221; shape=&#8221;square&#8221; size=&#8221;lg&#8221; align=&#8221;center&#8221; skin=&#8221;primary&#8221; link=&#8221;|||&#8221; el_class=&#8221;m-t-sm&#8221;][\/vc_column][\/vc_row]<\/p>\n","protected":false},"excerpt":{"rendered":"<p>[vc_row][vc_column offset=&#8221;vc_col-md-8&#8243;][vc_column_text]Immagina di sedere sulle mura di una fortezza medievale del XIII\u00b0 secolo guardando le tondeggianti colline toscane e la campagna, gustando le delizie di piatti appena preparati con i migliori ingredienti della regione. Con l\u2019aiuto di Giuseppina e della sua famiglia, accompagnati dai vini toscani, preparatevi ad una vera esperienza culinaria! Imparare dovrebbe sempre [&hellip;]<\/p>\n","protected":false},"author":1,"featured_media":0,"parent":0,"menu_order":0,"comment_status":"closed","ping_status":"closed","template":"","meta":[],"_links":{"self":[{"href":"https:\/\/www.cucinagiuseppina.com\/it\/wp-json\/wp\/v2\/pages\/581"}],"collection":[{"href":"https:\/\/www.cucinagiuseppina.com\/it\/wp-json\/wp\/v2\/pages"}],"about":[{"href":"https:\/\/www.cucinagiuseppina.com\/it\/wp-json\/wp\/v2\/types\/page"}],"author":[{"embeddable":true,"href":"https:\/\/www.cucinagiuseppina.com\/it\/wp-json\/wp\/v2\/users\/1"}],"replies":[{"embeddable":true,"href":"https:\/\/www.cucinagiuseppina.com\/it\/wp-json\/wp\/v2\/comments?post=581"}],"version-history":[{"count":12,"href":"https:\/\/www.cucinagiuseppina.com\/it\/wp-json\/wp\/v2\/pages\/581\/revisions"}],"predecessor-version":[{"id":1363,"href":"https:\/\/www.cucinagiuseppina.com\/it\/wp-json\/wp\/v2\/pages\/581\/revisions\/1363"}],"wp:attachment":[{"href":"https:\/\/www.cucinagiuseppina.com\/it\/wp-json\/wp\/v2\/media?parent=581"}],"curies":[{"name":"wp","href":"https:\/\/api.w.org\/{rel}","templated":true}]}}